{"id":12,"date":"2019-02-01T01:52:35","date_gmt":"2019-02-01T01:52:35","guid":{"rendered":"https:\/\/www.magischfantastisch.at\/familienwochenende\/?page_id=12"},"modified":"2019-03-16T12:23:48","modified_gmt":"2019-03-16T12:23:48","slug":"mitmachen","status":"publish","type":"page","link":"https:\/\/www.magischfantastisch.at\/familienwochenende\/mitmachen","title":{"rendered":"Mitmachen"},"content":{"rendered":"\n<figure class=\"wp-block-image header_image\"><img loading=\"lazy\" width=\"666\" height=\"260\" src=\"https:\/\/www.magischfantastisch.at\/familienwochenende\/wp-content\/uploads\/2019\/02\/mffw_aussteller.png\" alt=\"\" class=\"wp-image-38\" srcset=\"https:\/\/www.magischfantastisch.at\/familienwochenende\/wp-content\/uploads\/2019\/02\/mffw_aussteller.png 666w, https:\/\/www.magischfantastisch.at\/familienwochenende\/wp-content\/uploads\/2019\/02\/mffw_aussteller-300x117.png 300w\" sizes=\"(max-width: 666px) 100vw, 666px\" \/><\/figure>\n\n\n\n<h1 style=\"text-align:center\" id=\"anbieter\">AlS H\u00e4ndLer oDeR AusSteLler<\/h1>\n\n\n\n\t\t<div class=\"header-bottom-blue\"><\/div>\n\t\n\n\n\n<p>Stell dir vor, du versorgst die Magische Welt mit dem allt\u00e4glich Notwendigen oder Besonderen. Wiens Zauberer und Hexen kommen zu dir einkaufen? Du bist Kunsthandwerker und deine St\u00fccke passen zum Thema? Sehr fein, dann bist du bei uns richtig.<\/p>\n\n\n\n<p>Wir achten bei unserem Event auf Vielfalt ebenso, wie auf Besonderheit. Wir wollen nicht, dass sich H\u00e4ndler gleicher Warenart kannibalisieren.<\/p>\n\n\n\n<p><strong>A. Outdoor Standplatz<\/strong><\/p>\n\n\n\n<p>Die Art unserer Veranstaltung stellt eine bestimmte Designanforderung an unsere H\u00e4ndler und Aussteller. Wir wollen ein magisches Dorf entstehen lassen. Die Outdoor-St\u00e4nde sollen nicht nach klassischem Mittelaltermarkt aussehen, sondern wie ein H\u00e4uschen. Jeder Gang bekommt einen Gassennamen und jeder Standplatz eine Adresse.<\/p>\n\n\n\n<p>Z.B. der typische Pavillon 3&#215;3 m, oder das Vielfache davon. Gerne k\u00f6nnen sich zwei Austeller ein H\u00e4uschen teilen.<\/p>\n\n\n\n<p><strong>B. Indoor Laufmeter Tisch im Gew\u00f6lbe<\/strong><\/p>\n\n\n\n<p>Du m\u00f6chtest lieber indoor deine Waren anbieten?<\/p>\n\n\n\n<p><strong>C. Attraktionen, Vortr\u00e4ge, Zauberunterricht<\/strong><\/p>\n\n\n\n<p>Du hast eine besonders originelle Idee, wie du unser Familienevent zum Thema Hexen- und Zaubererwelten bereichern kannst?<\/p>\n\n\n\n<p>Du m\u00f6chtest einen Unterricht halten? Du weist eine besonders witzige Bespa\u00dfung f\u00fcr Kinder? Super, lass es uns wissen.<\/p>\n\n\n\n<p>Per <strong>Kontakformular<\/strong> unten, oder schreib uns ein Mail an <a href=\"mailto:buero@sthsevent.at\">buero@sthsevent.at<\/a><\/p>\n\n\n<div role=\"form\" class=\"wpcf7\" id=\"wpcf7-f373-o1\" lang=\"de-DE\" dir=\"ltr\">\n<div class=\"screen-reader-response\"><p role=\"status\" aria-live=\"polite\" aria-atomic=\"true\"><\/p> <ul><\/ul><\/div>\n<form action=\"\/familienwochenende\/wp-json\/wp\/v2\/pages\/12#wpcf7-f373-o1\" method=\"post\" class=\"wpcf7-form init\" novalidate=\"novalidate\" data-status=\"init\">\n<div style=\"display: none;\">\n<input type=\"hidden\" name=\"_wpcf7\" value=\"373\" \/>\n<input type=\"hidden\" name=\"_wpcf7_version\" value=\"5.3.2\" \/>\n<input type=\"hidden\" name=\"_wpcf7_locale\" value=\"de_DE_formal\" \/>\n<input type=\"hidden\" name=\"_wpcf7_unit_tag\" value=\"wpcf7-f373-o1\" \/>\n<input type=\"hidden\" name=\"_wpcf7_container_post\" value=\"0\" \/>\n<input type=\"hidden\" name=\"_wpcf7_posted_data_hash\" value=\"\" \/>\n<input type=\"hidden\" name=\"_wpcf7_recaptcha_response\" value=\"\" \/>\n<\/div>\n<p><span class=\"wpcf7-form-control-wrap your-name\"><input type=\"text\" name=\"your-name\" value=\"\" size=\"40\" class=\"wpcf7-form-control wpcf7-text wpcf7-validates-as-required form-control\" aria-required=\"true\" aria-invalid=\"false\" placeholder=\"Name\" \/><\/span><\/p>\n<p><span class=\"wpcf7-form-control-wrap your-email\"><input type=\"email\" name=\"your-email\" value=\"\" size=\"40\" class=\"wpcf7-form-control wpcf7-text wpcf7-email wpcf7-validates-as-required wpcf7-validates-as-email form-control\" aria-required=\"true\" aria-invalid=\"false\" placeholder=\"E-Mail-Adresse\" \/><\/span><\/p>\n<p><div class=\"row\" style=\"margin-bottom: 20px;\"><br \/>\n<div class=\"col-12 col-xl-6\"><\/p>\n<p>Privatperson?<br \/>\n<span class=\"wpcf7-form-control-wrap privatperson\"><span class=\"wpcf7-form-control wpcf7-radio\"><span class=\"wpcf7-list-item first\"><input type=\"radio\" name=\"privatperson\" value=\"Ja\" \/><span class=\"wpcf7-list-item-label\">Ja<\/span><\/span><span class=\"wpcf7-list-item last\"><input type=\"radio\" name=\"privatperson\" value=\"Nein\" \/><span class=\"wpcf7-list-item-label\">Nein<\/span><\/span><\/span><\/span><\/p>\n<p><\/div><br \/>\n<div class=\"col-12 col-xl-6\"><\/p>\n<p>Stromanschluss?<br \/>\n<span class=\"wpcf7-form-control-wrap stromanschluss\"><span class=\"wpcf7-form-control wpcf7-radio\"><span class=\"wpcf7-list-item first\"><input type=\"radio\" name=\"stromanschluss\" value=\"Ja\" \/><span class=\"wpcf7-list-item-label\">Ja<\/span><\/span><span class=\"wpcf7-list-item last\"><input type=\"radio\" name=\"stromanschluss\" value=\"Nein\" \/><span class=\"wpcf7-list-item-label\">Nein<\/span><\/span><\/span><\/span><\/p>\n<p><\/div><br \/>\n<\/div><\/p>\n<p><span class=\"wpcf7-form-control-wrap your-subject\"><input type=\"text\" name=\"your-subject\" value=\"\" size=\"40\" class=\"wpcf7-form-control wpcf7-text wpcf7-validates-as-required form-control\" aria-required=\"true\" aria-invalid=\"false\" placeholder=\"Firmen- \/ K\u00fcnstlername\" \/><\/span><\/p>\n<p><span class=\"wpcf7-form-control-wrap platz\"><textarea name=\"platz\" cols=\"40\" rows=\"3\" class=\"wpcf7-form-control wpcf7-textarea wpcf7-validates-as-required form-control\" aria-required=\"true\" aria-invalid=\"false\" placeholder=\"Ben\u00f6tigter Platz\"><\/textarea><\/span><\/p>\n<p><span class=\"wpcf7-form-control-wrap angebot\"><textarea name=\"angebot\" cols=\"40\" rows=\"3\" class=\"wpcf7-form-control wpcf7-textarea wpcf7-validates-as-required form-control\" aria-required=\"true\" aria-invalid=\"false\" placeholder=\"Was wird verkauft\/ausgestellt\/angeboten\"><\/textarea><\/span><\/p>\n<p><span class=\"wpcf7-form-control-wrap your-message\"><textarea name=\"your-message\" cols=\"40\" rows=\"6\" class=\"wpcf7-form-control wpcf7-textarea form-control\" aria-invalid=\"false\" placeholder=\"Nachricht\"><\/textarea><\/span><\/p>\n<p><input type=\"submit\" value=\"Senden\" class=\"wpcf7-form-control wpcf7-submit\" \/><\/p>\n<div class=\"wpcf7-response-output\" aria-hidden=\"true\"><\/div><\/form><\/div>\n\n\n\n\t\t\t\t\t\t\t<\/div><!-- .entry-content -->\n\t\t\t\t\t\t<\/article>\n\t\t\t\t\t<\/main><!-- #main .site-main -->\n\t\t\t\t<\/div><!-- #primary .content-area -->\n\t\t\t<\/div>\n\t\t\t<div class=\"d-none d-lg-block col-lg-1 col-xl-2\">\n\n\t\t\t<\/div>\n\t\t<\/div>\n\t\t<\/div>\n\n\t\t<div class=\"container-fluid seperator-background-f box-shadow-outside\">\n\t\t<div class=\"row\">\n\t\t\t<div class=\"col\" style=\"overflow: hidden;\">\n\t\t\t\t<img src=\"https:\/\/www.magischfantastisch.at\/familienwochenende\/wp-content\/themes\/mffw\/img\/seperator-f-flipped.png\" alt=\"\">\n\t\t\t<\/div>\n\t\t<\/div>\n\t\t<\/div>\n\n\t\t<div class=\"container-fluid paper paper-seamless-background box-shadow-inside-top\" style=\"background-size: cover;\">\n\t\t<div class=\"row\">\n\t\t\t<div class=\"d-none d-lg-block col-lg-1 col-xl-2\">\n\n\t\t\t<\/div>\n\t\t\t<div class=\"col-12 col-lg-10 col-xl-8\">\n\t\t\t\t<div id=\"primary\" class=\"content-area\">\n\t\t\t\t\t<main id=\"main\" class=\"site-main\">\n\t\t\t\t\t\t<article id=\"\" class=\"page type-page status-publish hentry\">\n\t\t\t\t\t\t\t<div class=\"entry-content\">\n\t\n\n\n\n<figure class=\"wp-block-image header_image\"><img loading=\"lazy\" width=\"666\" height=\"260\" src=\"https:\/\/www.magischfantastisch.at\/familienwochenende\/wp-content\/uploads\/2019\/02\/mffw_staff.png\" alt=\"\" class=\"wp-image-42\" srcset=\"https:\/\/www.magischfantastisch.at\/familienwochenende\/wp-content\/uploads\/2019\/02\/mffw_staff.png 666w, https:\/\/www.magischfantastisch.at\/familienwochenende\/wp-content\/uploads\/2019\/02\/mffw_staff-300x117.png 300w\" sizes=\"(max-width: 666px) 100vw, 666px\" \/><\/figure>\n\n\n\n<h1 style=\"text-align:center\" id=\"crew\">AlS MfFW-cRew-MitGlIed<\/h1>\n\n\n\n\t\t<div class=\"header-bottom-blue\"><\/div>\n\t\n\n\n\n<p>Du willst Teil unseres Teams von 14.- 16. Juni 2019 werden? Dann bist du herzlich willkommen zur Bewerbungsphase als offizielles CREW Mitglied der MFFW2019.<\/p>\n\n\n\n<p>D<strong>ie freiwilligen Helfer sind bei jedem Fanevent wichtig!<\/strong><\/p>\n\n\n\n<p>Du willst eine dieser wichtigen Personen sein, dann stell dich in einem kurzen Motivationsschreiben (ca. 200 W\u00f6rter) vor und sag uns, wieso gerade du in die MFFW CREW passt. Schick uns dein Motivationsschreiben gemeinsam mit deinem tabellarischen Lebenslauf an <a href=\"mailto:team@sthsevent.at\">buero@sthsevent.at<\/a><\/p>\n\n\n\n<p>Bitte bewirb dich nur, wenn du in der Lage bist zum verpflichtenden Treffen mit Briefing nach Wien zu kommen.<\/p>\n\n\n\n<p>Wir freuen uns \u00fcber alle Bewerbungen und bewundern eure Bereitschaft, uns am Magisch Fantastischen Familien Wochenende zu unterst\u00fctzen, jedoch ist die Anzahl der Crew Pl\u00e4tze beschr\u00e4nkt.<\/p>\n\n\n\n<p><strong>Was wir bieten!<\/strong><\/p>\n\n\n\n<ul><li>Du bist Mitglied des MFFW-Teams.<\/li><li> Du erh\u00e4ltst Verpflegung und Getr\u00e4nke w\u00e4hrend der Aufbauzeit und der Veranstaltung.<\/li><li> Du bekommst zwei Crew-T-Shirts und eine Goodie-Tasche.<\/li><li> Du wirst ausreichend Zeit neben deiner freiwilligen Mithilfe haben, um selbst den Spa\u00df am MFFW zu genie\u00dfen.<\/li><li> Du hast freien Eintritt zum Event w\u00e4hrend beider Veranstaltungstage.<\/li><\/ul>\n\n\n\n<p><strong>Mindestens eine der folgenden Aufgaben warten auf dich:<\/strong><\/p>\n\n\n\n<ul><li>Crowd Management und Einlasskontrolle<\/li><li> Cosplayer Waffenkontrolle<\/li><li> Du sorgst f\u00fcr Ordnung, achtest auf Sauberkeit, informierst das Reinigungsteam, wenn dir was auff\u00e4llt.<\/li><li> Du unterst\u00fctzt die Journalisten, Fotografen und Film-Crew.<\/li><li> Du stehst allen Teilnehmern mit Informationen und Ausk\u00fcnften zur Verf\u00fcgung.<\/li><li> Du betreust die K\u00fcnstler, Workshopleiter, Autoren und Vortragenden.<\/li><\/ul>\n\n\n\n<p><strong>Worauf k\u00f6nnen wir nicht verzichten?<\/strong><\/p>\n\n\n\n<ul><li>Du bist vollj\u00e4hrig.<\/li><li> Du sprichst gut Deutsch und idealerweise noch eine Fremdsprache.<\/li><li> Du kannst gut mit Menschen umgehen, bist geduldig und hilfsbereit.<\/li><li> Du bist am Aufbautag und an beiden Veranstaltungstagen verf\u00fcgbar.<\/li><li> Du kannst zum verpflichtenden Treffen mit Briefing einen Tag lang nach Wien kommen.<\/li><\/ul>\n","protected":false},"excerpt":{"rendered":"<p>AlS H\u00e4ndLer oDeR AusSteLler Stell dir vor, du versorgst die Magische Welt mit dem allt\u00e4glich Notwendigen oder Besonderen. Wiens Zauberer und Hexen kommen zu dir einkaufen? Du bist Kunsthandwerker und deine St\u00fccke passen zum Thema? Sehr fein, dann bist du bei uns richtig. Wir achten bei unserem Event auf Vielfalt ebenso, wie auf Besonderheit. Wir [&hellip;]<\/p>\n","protected":false},"author":1,"featured_media":0,"parent":0,"menu_order":0,"comment_status":"closed","ping_status":"closed","template":"","meta":[],"_links":{"self":[{"href":"https:\/\/www.magischfantastisch.at\/familienwochenende\/wp-json\/wp\/v2\/pages\/12"}],"collection":[{"href":"https:\/\/www.magischfantastisch.at\/familienwochenende\/wp-json\/wp\/v2\/pages"}],"about":[{"href":"https:\/\/www.magischfantastisch.at\/familienwochenende\/wp-json\/wp\/v2\/types\/page"}],"author":[{"embeddable":true,"href":"https:\/\/www.magischfantastisch.at\/familienwochenende\/wp-json\/wp\/v2\/users\/1"}],"replies":[{"embeddable":true,"href":"https:\/\/www.magischfantastisch.at\/familienwochenende\/wp-json\/wp\/v2\/comments?post=12"}],"version-history":[{"count":29,"href":"https:\/\/www.magischfantastisch.at\/familienwochenende\/wp-json\/wp\/v2\/pages\/12\/revisions"}],"predecessor-version":[{"id":466,"href":"https:\/\/www.magischfantastisch.at\/familienwochenende\/wp-json\/wp\/v2\/pages\/12\/revisions\/466"}],"wp:attachment":[{"href":"https:\/\/www.magischfantastisch.at\/familienwochenende\/wp-json\/wp\/v2\/media?parent=12"}],"curies":[{"name":"wp","href":"https:\/\/api.w.org\/{rel}","templated":true}]}}