{"id":18,"date":"2019-02-01T02:12:55","date_gmt":"2019-02-01T02:12:55","guid":{"rendered":"https:\/\/www.magischfantastisch.at\/familienwochenende\/?page_id=18"},"modified":"2019-03-16T12:24:18","modified_gmt":"2019-03-16T12:24:18","slug":"kontakt","status":"publish","type":"page","link":"https:\/\/www.magischfantastisch.at\/familienwochenende\/kontakt","title":{"rendered":"Kontakt"},"content":{"rendered":"\n<figure class=\"wp-block-image header_image\"><img loading=\"lazy\" width=\"666\" height=\"260\" src=\"https:\/\/www.magischfantastisch.at\/familienwochenende\/wp-content\/uploads\/2019\/02\/mffw_kontakt.png\" alt=\"\" class=\"wp-image-40\" srcset=\"https:\/\/www.magischfantastisch.at\/familienwochenende\/wp-content\/uploads\/2019\/02\/mffw_kontakt.png 666w, https:\/\/www.magischfantastisch.at\/familienwochenende\/wp-content\/uploads\/2019\/02\/mffw_kontakt-300x117.png 300w\" sizes=\"(max-width: 666px) 100vw, 666px\" \/><\/figure>\n\n\n\n<h1 style=\"text-align:center\">Du M\u00f6chteST uNs eRreicHeN?<\/h1>\n\n\n\n\t\t<div class=\"header-bottom-blue\"><\/div>\n\t\n\n\n\n<p style=\"text-align:center\">Am einfachsten kannst du uns per Email erreichen.<br> Schreib uns dazu einfach eine Mail an:<\/p>\n\n\n\n<p style=\"font-size:26px;text-align:center\"><strong><a href=\"mailto:buero@sthsevent.at\">buero@sthsevent.at<\/a><\/strong><\/p>\n\n\n\n<p style=\"text-align:center\">oder nutze unser Kontaktformular<\/p>\n\n\n<div role=\"form\" class=\"wpcf7\" id=\"wpcf7-f374-o1\" lang=\"de-DE\" dir=\"ltr\">\n<div class=\"screen-reader-response\"><p role=\"status\" aria-live=\"polite\" aria-atomic=\"true\"><\/p> <ul><\/ul><\/div>\n<form action=\"\/familienwochenende\/wp-json\/wp\/v2\/pages\/18#wpcf7-f374-o1\" method=\"post\" class=\"wpcf7-form init\" novalidate=\"novalidate\" data-status=\"init\">\n<div style=\"display: none;\">\n<input type=\"hidden\" name=\"_wpcf7\" value=\"374\" \/>\n<input type=\"hidden\" name=\"_wpcf7_version\" value=\"5.3.2\" \/>\n<input type=\"hidden\" name=\"_wpcf7_locale\" value=\"de_DE_formal\" \/>\n<input type=\"hidden\" name=\"_wpcf7_unit_tag\" value=\"wpcf7-f374-o1\" \/>\n<input type=\"hidden\" name=\"_wpcf7_container_post\" value=\"0\" \/>\n<input type=\"hidden\" name=\"_wpcf7_posted_data_hash\" value=\"\" \/>\n<input type=\"hidden\" name=\"_wpcf7_recaptcha_response\" value=\"\" \/>\n<\/div>\n<p><span class=\"wpcf7-form-control-wrap your-name\"><input type=\"text\" name=\"your-name\" value=\"\" size=\"40\" class=\"wpcf7-form-control wpcf7-text wpcf7-validates-as-required form-control\" aria-required=\"true\" aria-invalid=\"false\" placeholder=\"Name\" \/><\/span><\/p>\n<p><span class=\"wpcf7-form-control-wrap your-email\"><input type=\"email\" name=\"your-email\" value=\"\" size=\"40\" class=\"wpcf7-form-control wpcf7-text wpcf7-email wpcf7-validates-as-required wpcf7-validates-as-email form-control\" aria-required=\"true\" aria-invalid=\"false\" placeholder=\"E-Mail-Adresse\" \/><\/span><\/p>\n<p><span class=\"wpcf7-form-control-wrap your-message\"><textarea name=\"your-message\" cols=\"40\" rows=\"6\" class=\"wpcf7-form-control wpcf7-textarea form-control\" aria-invalid=\"false\" placeholder=\"Nachricht\"><\/textarea><\/span><\/p>\n<p><input type=\"submit\" value=\"Senden\" class=\"wpcf7-form-control wpcf7-submit\" \/><\/p>\n<div class=\"wpcf7-response-output\" aria-hidden=\"true\"><\/div><\/form><\/div>\n\n\n\n<p style=\"text-align:center\"><br>Gerne beantworten wir dir deine Frage auch online.<br>Folge uns dazu auf:<br><\/p>\n\n\n\n\t\t<div style=\"text-align: center;\">\n\t\t\t<div class=\"social-button\" style=\"background: none; margin: 15px;\">\n\t\t\t\t<a href=\"https:\/\/www.facebook.com\/magischfantastisch\" target=\"_blank\"><div class=\"\" style=\"width: 100%; height: 100%;\"><div class=\"center-center\"><i class=\"fab fa-facebook-f\" style=\"font-size: 3rem;\"><\/i><\/div><\/div><\/a>\n\t\t\t<\/div>\n\t\t\t<div class=\"social-button\" style=\"background: none; margin: 15px;\">\n\t\t\t\t<a href=\"https:\/\/www.instagram.com\/sthsevent\/\" target=\"_blank\"><div class=\"\" style=\"width: 100%; height: 100%;\"><div class=\"center-center\"><i class=\"fab fa-instagram\" style=\"font-size: 3rem;\"><\/i><\/div><\/div><\/a>\n\t\t\t<\/div>\n\t\t\t<!-- <div class=\"social-button\">\n\t\t\t\t<div class=\"\"><i class=\"fab fa-youtube\"><\/i><\/div>\n\t\t\t<\/div> -->\n\t\t<\/div>\n\t\n\n\n\n\t\t\t\t\t\t\t<\/div><!-- .entry-content -->\n\t\t\t\t\t\t<\/article>\n\t\t\t\t\t<\/main><!-- #main .site-main -->\n\t\t\t\t<\/div><!-- #primary .content-area -->\n\t\t\t<\/div>\n\t\t\t<div class=\"d-none d-lg-block col-lg-1 col-xl-2\">\n\n\t\t\t<\/div>\n\t\t<\/div>\n\t\t<\/div>\n\n\t\t<div class=\"container-fluid seperator-background-f box-shadow-outside\">\n\t\t<div class=\"row\">\n\t\t\t<div class=\"col\" style=\"overflow: hidden;\">\n\t\t\t\t<img src=\"https:\/\/www.magischfantastisch.at\/familienwochenende\/wp-content\/themes\/mffw\/img\/seperator-f-flipped.png\" alt=\"\">\n\t\t\t<\/div>\n\t\t<\/div>\n\t\t<\/div>\n\n\t\t<div class=\"container-fluid paper paper-seamless-background box-shadow-inside-top\" style=\"background-size: cover;\">\n\t\t<div class=\"row\">\n\t\t\t<div class=\"d-none d-lg-block col-lg-1 col-xl-2\">\n\n\t\t\t<\/div>\n\t\t\t<div class=\"col-12 col-lg-10 col-xl-8\">\n\t\t\t\t<div id=\"primary\" class=\"content-area\">\n\t\t\t\t\t<main id=\"main\" class=\"site-main\">\n\t\t\t\t\t\t<article id=\"\" class=\"page type-page status-publish hentry\">\n\t\t\t\t\t\t\t<div class=\"entry-content\">\n\t\n\n\n\n<figure class=\"wp-block-image header_image\"><img loading=\"lazy\" width=\"666\" height=\"260\" src=\"https:\/\/www.magischfantastisch.at\/familienwochenende\/wp-content\/uploads\/2019\/02\/mffw_Presse.png\" alt=\"\" class=\"wp-image-41\" srcset=\"https:\/\/www.magischfantastisch.at\/familienwochenende\/wp-content\/uploads\/2019\/02\/mffw_Presse.png 666w, https:\/\/www.magischfantastisch.at\/familienwochenende\/wp-content\/uploads\/2019\/02\/mffw_Presse-300x117.png 300w\" sizes=\"(max-width: 666px) 100vw, 666px\" \/><\/figure>\n\n\n\n<h1 style=\"text-align:center\">PReSse AKkrEDitieRuNg<\/h1>\n\n\n\n\t\t<div class=\"header-bottom-blue\"><\/div>\n\t\n\n\n\n<p>Wir freuen uns \u00fcber dein Interesse am Magisch Fantastischen Familien Wochenende (MFFW). Als Veranstalter dieses karitativen Fanevents wissen wir deine mediale Unterst\u00fctzung sehr zu sch\u00e4tzen. Wir behalten uns eine \u00dcberpr\u00fcfung des Nachweises der journalistischen T\u00e4tigkeit vor. Ein Recht auf Akkreditierung besteht nicht.<\/p>\n\n\n\n<p>Danke f\u00fcr dein Verst\u00e4ndnis daf\u00fcr, dass wir aufgrund der gro\u00dfen Nachfrage Akkreditierungen nur begrenzt und nach eingehender Pr\u00fcfung Ihrer Daten sowie ausschlie\u00dflich nachfolgenden Regeln vergeben k\u00f6nnen.<\/p>\n\n\n\n<p><strong>Eine Presse-Akkreditierung k\u00f6nnen erhalten:<\/strong><\/p>\n\n\n\n<ul><li>Inhaber eines g\u00fcltigen und offiziell anerkannten Presseausweises, deren redaktioneller Auftrag einen direkten thematischen Bezug zur Veranstaltung hat.<\/li><li>Mindestens einem Nachweis der journalistischen (auch fotojournalistische) T\u00e4tigkeit <ul><li>z.B. Namensartikeln, die zum Zeitpunkt der Veranstaltung nicht \u00e4lter als sechs Monate sind oder zur Zeit der vorangegangenen Veranstaltung erschienen sind.<\/li><li>Oder ein schriftlich unterfertigter Auftrag einer Redaktion.<\/li><li>Oder durch einen Weblinks zu einer selbst erstellten Online-Publikation, die in der jeweiligen, thematisch relevanten Veranstaltungszielgruppe etabliert ist. <\/li><\/ul><\/li><\/ul>\n\n\n\n<p>Schicke uns f\u00fcr eine Akkreditierung bitte folgende Angaben: Vollst\u00e4ndiger Name, Funktion (Ressort), Redaktion\/Verlag, Presseausweis-Nr. und Ausstellende Institution, Anschrift, Telefonnummer und wenn m\u00f6glich auch gleich Scans deines Presseauweises, redaktionelle Artikel und\/oder ein Schreiben der Chefredaktion an <a href=\"mailto:buero@sthsevent.at\">buero@sthsevent.at<\/a><\/p>\n","protected":false},"excerpt":{"rendered":"<p>Du M\u00f6chteST uNs eRreicHeN? Am einfachsten kannst du uns per Email erreichen. Schreib uns dazu einfach eine Mail an: buero@sthsevent.at oder nutze unser Kontaktformular Gerne beantworten wir dir deine Frage auch online.Folge uns dazu auf: PReSse AKkrEDitieRuNg Wir freuen uns \u00fcber dein Interesse am Magisch Fantastischen Familien Wochenende (MFFW). Als Veranstalter dieses karitativen Fanevents wissen [&hellip;]<\/p>\n","protected":false},"author":1,"featured_media":0,"parent":0,"menu_order":0,"comment_status":"closed","ping_status":"closed","template":"","meta":[],"_links":{"self":[{"href":"https:\/\/www.magischfantastisch.at\/familienwochenende\/wp-json\/wp\/v2\/pages\/18"}],"collection":[{"href":"https:\/\/www.magischfantastisch.at\/familienwochenende\/wp-json\/wp\/v2\/pages"}],"about":[{"href":"https:\/\/www.magischfantastisch.at\/familienwochenende\/wp-json\/wp\/v2\/types\/page"}],"author":[{"embeddable":true,"href":"https:\/\/www.magischfantastisch.at\/familienwochenende\/wp-json\/wp\/v2\/users\/1"}],"replies":[{"embeddable":true,"href":"https:\/\/www.magischfantastisch.at\/familienwochenende\/wp-json\/wp\/v2\/comments?post=18"}],"version-history":[{"count":23,"href":"https:\/\/www.magischfantastisch.at\/familienwochenende\/wp-json\/wp\/v2\/pages\/18\/revisions"}],"predecessor-version":[{"id":465,"href":"https:\/\/www.magischfantastisch.at\/familienwochenende\/wp-json\/wp\/v2\/pages\/18\/revisions\/465"}],"wp:attachment":[{"href":"https:\/\/www.magischfantastisch.at\/familienwochenende\/wp-json\/wp\/v2\/media?parent=18"}],"curies":[{"name":"wp","href":"https:\/\/api.w.org\/{rel}","templated":true}]}}