{"id":33,"date":"2019-02-02T18:07:42","date_gmt":"2019-02-02T18:07:42","guid":{"rendered":"https:\/\/www.magischfantastisch.at\/familienwochenende\/?page_id=33"},"modified":"2019-03-16T12:24:07","modified_gmt":"2019-03-16T12:24:07","slug":"anreise","status":"publish","type":"page","link":"https:\/\/www.magischfantastisch.at\/familienwochenende\/anreise","title":{"rendered":"Anreise"},"content":{"rendered":"\n<figure class=\"wp-block-image header_image\"><img loading=\"lazy\" width=\"666\" height=\"260\" src=\"https:\/\/www.magischfantastisch.at\/familienwochenende\/wp-content\/uploads\/2019\/02\/mffw_anreise.png\" alt=\"\" class=\"wp-image-37\" srcset=\"https:\/\/www.magischfantastisch.at\/familienwochenende\/wp-content\/uploads\/2019\/02\/mffw_anreise.png 666w, https:\/\/www.magischfantastisch.at\/familienwochenende\/wp-content\/uploads\/2019\/02\/mffw_anreise-300x117.png 300w\" sizes=\"(max-width: 666px) 100vw, 666px\" \/><\/figure>\n\n\n\n<h1 style=\"text-align:center\">So KomMst du Zu unS<\/h1>\n\n\n\n\t\t<div class=\"header-bottom-blue\"><\/div>\n\t\n\n\n\n<p>Schloss Neugeb\u00e4ude ist ein von Kaiser Maximilian II. in Auftrag gegebenes manieristisches Schloss im 11. Wiener Gemeindebezirk Simmering. Der Legende nach wurde es an jener Stelle errichtet, an der w\u00e4hrend der ersten Wiener T\u00fcrkenbelagerung von 1529 die Zeltburg Sultan S\u00fcleymans stand.<\/p>\n\n\n\n<p><strong>Schloss Neugeb\u00e4ude<br>Otmar-Brix-Gasse 1, 1110 Wien<br><a href=\"http:\/\/www.schlossneugebaeude.at\">www.schlossneugebaeude.at<\/a><\/strong><\/p>\n\n\n\n<iframe src=\"https:\/\/www.google.com\/maps\/embed?pb=!1m18!1m12!1m3!1d75856.97343054357!2d16.393442448375176!3d48.17134860657371!2m3!1f0!2f0!3f0!3m2!1i1024!2i768!4f13.1!3m3!1m2!1s0x476daa69955f850b%3A0x50f4f765266ddfb9!2sNeugeb%C3%A4ude+Palace!5e0!3m2!1sen!2sat!4v1549133654006\" style=\"border:0; width: 100%; height: 500px; box-shadow: 0px 0px 30px 2px rgba(0,0,0,0.37); margin-bottom: 25px;\" allowfullscreen=\"\" frameborder=\"0\"><\/iframe>\n\n\n\n<p>Zum Magisch-Fantastischen Familien-Wochenende kommst du mit folgenden Linien:<\/p>\n\n\n\n<p><strong>Buslinien<\/strong><br>73A \u2013 Station Schloss Neugeb\u00e4ude (5 Minuten Gehzeit)<br>71B \u2013 Station Kaiserebersdorfer Friedhof (10 Minuten Gehzeit)<br>69A \u2013 Station Florian-Hedorfer-Stra\u00dfe (15 Minuten Gehzeit)<\/p>\n\n\n\n<p><strong>Stra\u00dfenbahnlinien<\/strong> (15 Minuten Gehzeit)<br>6 \u2013 Station Zentralfriedhof 2. Tor<br>71 \u2013 Station Zentralfriedhof 2. Tor<\/p>\n\n\n\n<p>Bitte versuche auf deinen privaten PKW zu verzichten. Wenn du von weiter weg anreist, empfehlen wir dir nachfolgend Unterk\u00fcnfte mit Parkm\u00f6glichkeit und sehr guter Anbindung zum Schloss. <\/p>\n\n\n\n\t\t\t\t\t\t\t<\/div><!-- .entry-content -->\n\t\t\t\t\t\t<\/article>\n\t\t\t\t\t<\/main><!-- #main .site-main -->\n\t\t\t\t<\/div><!-- #primary .content-area -->\n\t\t\t<\/div>\n\t\t\t<div class=\"d-none d-lg-block col-lg-1 col-xl-2\">\n\n\t\t\t<\/div>\n\t\t<\/div>\n\t\t<\/div>\n\n\t\t<div class=\"container-fluid seperator-background-f box-shadow-outside\">\n\t\t<div class=\"row\">\n\t\t\t<div class=\"col\" style=\"overflow: hidden;\">\n\t\t\t\t<img src=\"https:\/\/www.magischfantastisch.at\/familienwochenende\/wp-content\/themes\/mffw\/img\/seperator-f-flipped.png\" alt=\"\">\n\t\t\t<\/div>\n\t\t<\/div>\n\t\t<\/div>\n\n\t\t<div class=\"container-fluid paper paper-seamless-background box-shadow-inside-top\" style=\"background-size: cover;\">\n\t\t<div class=\"row\">\n\t\t\t<div class=\"d-none d-lg-block col-lg-1 col-xl-2\">\n\n\t\t\t<\/div>\n\t\t\t<div class=\"col-12 col-lg-10 col-xl-8\">\n\t\t\t\t<div id=\"primary\" class=\"content-area\">\n\t\t\t\t\t<main id=\"main\" class=\"site-main\">\n\t\t\t\t\t\t<article id=\"\" class=\"page type-page status-publish hentry\">\n\t\t\t\t\t\t\t<div class=\"entry-content\">\n\t\n\n\n\n<figure class=\"wp-block-image header_image\"><img loading=\"lazy\" width=\"666\" height=\"260\" src=\"https:\/\/www.magischfantastisch.at\/familienwochenende\/wp-content\/uploads\/2019\/02\/mffw_unterkunft.png\" alt=\"\" class=\"wp-image-43\" srcset=\"https:\/\/www.magischfantastisch.at\/familienwochenende\/wp-content\/uploads\/2019\/02\/mffw_unterkunft.png 666w, https:\/\/www.magischfantastisch.at\/familienwochenende\/wp-content\/uploads\/2019\/02\/mffw_unterkunft-300x117.png 300w\" sizes=\"(max-width: 666px) 100vw, 666px\" \/><\/figure>\n\n\n\n<h1 style=\"text-align:center\">Hier K\u00f6nnteSt Du \u00fcberNacHten<\/h1>\n\n\n\n\t\t<div class=\"header-bottom-blue\"><\/div>\n\t\n\n\n\n<p style=\"text-align:left\">Mit folgenden Hotels in der N\u00e4he des Schlosses konnten wir Verg\u00fcnstigung f\u00fcr den Zeitraum der Veranstaltung aushandeln, die du unter Vorlage deines g\u00fcltigen Tickets und so lange der Vorrat reicht nutzen kannst.<\/p>\n\n\n\n<p style=\"text-align:left\"><strong>Bitte reserviere ausschlie\u00dflich direkt im Hotel mit dem Betreff &nbsp;&#8222;Magisch Fantastisches Familien Wochenende&#8220;<\/strong><\/p>\n\n\n\n<p style=\"text-align:center\"><strong>&nbsp;<a href=\"http:\/\/www.hotel-koenig.at\/reservierung\/\">HOTEL K\u00d6NIG<\/a><\/strong><br>Kaiser-Ebersdorfer-Stra\u00dfe 26, 1110 Wien<br>2Bett-Zimmer und 3Bett-Zimmer<br>+43 676 680 09 65 , hotel@hotel-koenig.at<\/p>\n\n\n\n<p style=\"text-align:center\"><strong><a rel=\"noreferrer noopener\" aria-label=\" (\u00f6ffnet in neuem Tab)\" href=\"http:\/\/p244652.mittwaldserver.info\/typo3\/hahn-hotel\/index.html\" target=\"_blank\">HOTEL HAHN<\/a><\/strong><br>Mautner-Markhof-Gasse 72, 1110 Wien<br>Einzelzimmer und 2Bett-Zimmer<br> +43 1 74 888 00, info@hotelhahn.at <\/p>\n\n\n\n<p style=\"text-align:center\"><strong><a rel=\"noreferrer noopener\" aria-label=\"JUFA Hote (\u00f6ffnet in neuem Tab)\" href=\"https:\/\/www.jufa.eu\/hotel\/wien\/\" target=\"_blank\"><\/a><a href=\"https:\/\/www.jufa.eu\/hotel\/wien\/\">JUFA Hotel<\/a><\/strong><br> Mautner-Markhof-Gasse 72, 1110 Wien <br>3Bett-Zimmer<br> +43 57 083 700, wien@jufa.eu<\/p>\n\n\n\n<p style=\"text-align:center\"><\/p>\n","protected":false},"excerpt":{"rendered":"<p>So KomMst du Zu unS Schloss Neugeb\u00e4ude ist ein von Kaiser Maximilian II. in Auftrag gegebenes manieristisches Schloss im 11. Wiener Gemeindebezirk Simmering. Der Legende nach wurde es an jener Stelle errichtet, an der w\u00e4hrend der ersten Wiener T\u00fcrkenbelagerung von 1529 die Zeltburg Sultan S\u00fcleymans stand. Schloss Neugeb\u00e4udeOtmar-Brix-Gasse 1, 1110 Wienwww.schlossneugebaeude.at Zum Magisch-Fantastischen Familien-Wochenende kommst [&hellip;]<\/p>\n","protected":false},"author":1,"featured_media":0,"parent":0,"menu_order":0,"comment_status":"closed","ping_status":"closed","template":"","meta":[],"_links":{"self":[{"href":"https:\/\/www.magischfantastisch.at\/familienwochenende\/wp-json\/wp\/v2\/pages\/33"}],"collection":[{"href":"https:\/\/www.magischfantastisch.at\/familienwochenende\/wp-json\/wp\/v2\/pages"}],"about":[{"href":"https:\/\/www.magischfantastisch.at\/familienwochenende\/wp-json\/wp\/v2\/types\/page"}],"author":[{"embeddable":true,"href":"https:\/\/www.magischfantastisch.at\/familienwochenende\/wp-json\/wp\/v2\/users\/1"}],"replies":[{"embeddable":true,"href":"https:\/\/www.magischfantastisch.at\/familienwochenende\/wp-json\/wp\/v2\/comments?post=33"}],"version-history":[{"count":21,"href":"https:\/\/www.magischfantastisch.at\/familienwochenende\/wp-json\/wp\/v2\/pages\/33\/revisions"}],"predecessor-version":[{"id":464,"href":"https:\/\/www.magischfantastisch.at\/familienwochenende\/wp-json\/wp\/v2\/pages\/33\/revisions\/464"}],"wp:attachment":[{"href":"https:\/\/www.magischfantastisch.at\/familienwochenende\/wp-json\/wp\/v2\/media?parent=33"}],"curies":[{"name":"wp","href":"https:\/\/api.w.org\/{rel}","templated":true}]}}