{"id":5,"date":"2019-01-31T22:21:38","date_gmt":"2019-01-31T22:21:38","guid":{"rendered":"https:\/\/www.magischfantastisch.at\/familienwochenende\/?page_id=5"},"modified":"2019-05-05T14:08:52","modified_gmt":"2019-05-05T14:08:52","slug":"home","status":"publish","type":"page","link":"https:\/\/www.magischfantastisch.at\/familienwochenende\/","title":{"rendered":"Home"},"content":{"rendered":"\n<h1 class=\"info-title\">Sei Teil einer lebendigen magischen Welt!<\/h1>\n\n\n\n<p class=\"has-medium-font-size\"><span style=\"font-weight: bold; font-size: 1.6rem;\">Magisch Fantastisches Familien Wochenende<\/span><br><span style=\"font-weight: bold;\">Samstag 15. Juni 2019<\/span> 10:00 bis 20:00 Uhr (VIP Einlass ab 9:00)<br><span style=\"font-weight: bold;\">Sonntag 16. Juni 2019<\/span> 10:00 bis 18:00 Uhr (VIP Einlass ab 9:00) <\/p>\n\n\n\n<p class=\"has-medium-font-size\"><span style=\"font-weight: bold; font-size: 1.6rem;\">1. Magisch Fantastische Ballnacht<\/span><br><span style=\"font-weight: bold;\">Einlass<\/span> 20:00 Uhr \u2014 <span style=\"font-weight: bold;\">Beginn<\/span> 21:00 Uhr \u2014 <span style=\"font-weight: bold;\">Ballende<\/span> 2:00 Uhr <\/p>\n\n\n\n<div class=\"header-bottom-blue\"><\/div>\n\n\n\n<p><span style=\"font-weight: bold; font-size: 1.6rem;\">Warum ein Ticket im Vorverkauf sichern?<\/span><br>* weil es an der Tageskasse 20% mehr kostet<br>* weil du schneller ins Fest kommst<br>* weil du ein Vorverkaufsticket \u00a0verschenken kannst <br><strong>In jedem Fall beginnt das Fest mit sehr viel mehr Spa\u00df.<\/strong> <br><\/p>\n\n\n\n<div class=\"header-bottom-blue\"><\/div>\n\n\n\n<p><span style=\"font-weight: bold; font-size: 1.6rem;\">Werde Ticket-Pate<\/span> <br>Du kannst jederzeit eine Eintrittskarte zum Fest oder Ball kaufen und  jemandem schenken. W\u00fcrdest du gerne, wei\u00dft aber nicht, wem du die  Eintrittskarte schenken sollst. <br><strong>Kein Problem!<\/strong><br>Bezahl im Vorverkauf 1  MFFW Kinder-Tagesticket + 1 MFFW Tagesticket und stell sie uns per Mail  zur Verf\u00fcgung. <strong>Wir sorgen daf\u00fcr, dass dein Geschenk einen Erwachsenen  und ein Kind gl\u00fccklich macht.<\/strong> <br><\/p>\n","protected":false},"excerpt":{"rendered":"<p>Sei Teil einer lebendigen magischen Welt! Magisch Fantastisches Familien WochenendeSamstag 15. Juni 2019 10:00 bis 20:00 Uhr (VIP Einlass ab 9:00)Sonntag 16. Juni 2019 10:00 bis 18:00 Uhr (VIP Einlass ab 9:00) 1. Magisch Fantastische BallnachtEinlass 20:00 Uhr \u2014 Beginn 21:00 Uhr \u2014 Ballende 2:00 Uhr Warum ein Ticket im Vorverkauf sichern?* weil es an [&hellip;]<\/p>\n","protected":false},"author":1,"featured_media":0,"parent":0,"menu_order":0,"comment_status":"closed","ping_status":"closed","template":"","meta":[],"_links":{"self":[{"href":"https:\/\/www.magischfantastisch.at\/familienwochenende\/wp-json\/wp\/v2\/pages\/5"}],"collection":[{"href":"https:\/\/www.magischfantastisch.at\/familienwochenende\/wp-json\/wp\/v2\/pages"}],"about":[{"href":"https:\/\/www.magischfantastisch.at\/familienwochenende\/wp-json\/wp\/v2\/types\/page"}],"author":[{"embeddable":true,"href":"https:\/\/www.magischfantastisch.at\/familienwochenende\/wp-json\/wp\/v2\/users\/1"}],"replies":[{"embeddable":true,"href":"https:\/\/www.magischfantastisch.at\/familienwochenende\/wp-json\/wp\/v2\/comments?post=5"}],"version-history":[{"count":42,"href":"https:\/\/www.magischfantastisch.at\/familienwochenende\/wp-json\/wp\/v2\/pages\/5\/revisions"}],"predecessor-version":[{"id":863,"href":"https:\/\/www.magischfantastisch.at\/familienwochenende\/wp-json\/wp\/v2\/pages\/5\/revisions\/863"}],"wp:attachment":[{"href":"https:\/\/www.magischfantastisch.at\/familienwochenende\/wp-json\/wp\/v2\/media?parent=5"}],"curies":[{"name":"wp","href":"https:\/\/api.w.org\/{rel}","templated":true}]}}