{"id":610,"date":"2019-04-02T17:15:30","date_gmt":"2019-04-02T17:15:30","guid":{"rendered":"https:\/\/www.magischfantastisch.at\/familienwochenende\/?page_id=610"},"modified":"2019-05-03T11:49:24","modified_gmt":"2019-05-03T11:49:24","slug":"ballnacht","status":"publish","type":"page","link":"https:\/\/www.magischfantastisch.at\/familienwochenende\/ballnacht","title":{"rendered":"1. Magisch Fantastische Ballnacht"},"content":{"rendered":"\n<p>Schl\u00fcpf in deine edelste Abendgarderobe, dein festliches Fantasykost\u00fcm oder dein themenpassendes Cosplay und tanz mit uns durch die Nacht. Wir verwandeln das historische Wiener Palais Auersperg in eine fantastische Welt voller m\u00e4rchenhafter Gesch\u00f6pfe und zauberhafter Momente &#8211; <strong>in einen Ort voller Magie!<\/strong> <\/p>\n\n\n\n<div class=\"header-bottom-white\"><\/div>\n\n\n\n<h3>Die wichtigsten Infos im \u00dcberblick<\/h3>\n\n\n\n<p><strong>Einlass:<\/strong> 20:00 Uhr &#8211; <strong>Beginn:<\/strong> 21:00 Uhr &#8211; <strong>Ballende:<\/strong> 2:00 Uhr<\/p>\n\n\n\n<p><strong>Moderation<\/strong> <br><a href=\"https:\/\/www.jennyposch.com\/\">Jenny Posch<\/a><\/p>\n\n\n\n<p><strong>Mit<\/strong> <br>Buffet, Tombola, Livemusik, Tanzeinlagen, Zaubershow, Taxit\u00e4nzer uvm.<\/p>\n\n\n\n<p><strong>Baller\u00f6ffnung<\/strong> <br>nach Wiener Tradition, organisiert durch das Team des <a href=\"https:\/\/www.apollo21.at\/\" target=\"_blank\" rel=\"noreferrer noopener\" aria-label=\" (\u00f6ffnet in neuem Tab)\">Tanzstudios Apollo 21 Floridsdorf<\/a><\/p>\n","protected":false},"excerpt":{"rendered":"<p>Schl\u00fcpf in deine edelste Abendgarderobe, dein festliches Fantasykost\u00fcm oder dein themenpassendes Cosplay und tanz mit uns durch die Nacht. Wir verwandeln das historische Wiener Palais Auersperg in eine fantastische Welt voller m\u00e4rchenhafter Gesch\u00f6pfe und zauberhafter Momente &#8211; in einen Ort voller Magie! Die wichtigsten Infos im \u00dcberblick Einlass: 20:00 Uhr &#8211; Beginn: 21:00 Uhr &#8211; [&hellip;]<\/p>\n","protected":false},"author":1,"featured_media":0,"parent":0,"menu_order":0,"comment_status":"closed","ping_status":"closed","template":"","meta":[],"_links":{"self":[{"href":"https:\/\/www.magischfantastisch.at\/familienwochenende\/wp-json\/wp\/v2\/pages\/610"}],"collection":[{"href":"https:\/\/www.magischfantastisch.at\/familienwochenende\/wp-json\/wp\/v2\/pages"}],"about":[{"href":"https:\/\/www.magischfantastisch.at\/familienwochenende\/wp-json\/wp\/v2\/types\/page"}],"author":[{"embeddable":true,"href":"https:\/\/www.magischfantastisch.at\/familienwochenende\/wp-json\/wp\/v2\/users\/1"}],"replies":[{"embeddable":true,"href":"https:\/\/www.magischfantastisch.at\/familienwochenende\/wp-json\/wp\/v2\/comments?post=610"}],"version-history":[{"count":33,"href":"https:\/\/www.magischfantastisch.at\/familienwochenende\/wp-json\/wp\/v2\/pages\/610\/revisions"}],"predecessor-version":[{"id":861,"href":"https:\/\/www.magischfantastisch.at\/familienwochenende\/wp-json\/wp\/v2\/pages\/610\/revisions\/861"}],"wp:attachment":[{"href":"https:\/\/www.magischfantastisch.at\/familienwochenende\/wp-json\/wp\/v2\/media?parent=610"}],"curies":[{"name":"wp","href":"https:\/\/api.w.org\/{rel}","templated":true}]}}